{"id":39,"date":"2024-12-11T10:19:21","date_gmt":"2024-12-11T09:19:21","guid":{"rendered":"https:\/\/special-phones.com\/?page_id=39"},"modified":"2024-12-13T14:09:53","modified_gmt":"2024-12-13T13:09:53","slug":"impressum","status":"publish","type":"page","link":"https:\/\/special-phones.com\/en\/impressum\/","title":{"rendered":"Imprint"},"content":{"rendered":"<div data-elementor-type=\"wp-page\" data-elementor-id=\"39\" class=\"elementor elementor-39\" data-elementor-post-type=\"page\">\n\t\t\t\t<div class=\"elementor-element elementor-element-0cddaa3 e-flex e-con-boxed e-con e-parent\" data-id=\"0cddaa3\" data-element_type=\"container\">\n\t\t\t\t\t<div class=\"e-con-inner\">\n\t\t\t\t<div class=\"elementor-element elementor-element-9b877d7 elementor-widget elementor-widget-spacer\" data-id=\"9b877d7\" data-element_type=\"widget\" data-widget_type=\"spacer.default\">\n\t\t\t\t<div class=\"elementor-widget-container\">\n\t\t\t<style>\/*! elementor - v3.21.0 - 26-05-2024 *\/\n.elementor-column .elementor-spacer-inner{height:var(--spacer-size)}.e-con{--container-widget-width:100%}.e-con-inner>.elementor-widget-spacer,.e-con>.elementor-widget-spacer{width:var(--container-widget-width,var(--spacer-size));--align-self:var(--container-widget-align-self,initial);--flex-shrink:0}.e-con-inner>.elementor-widget-spacer>.elementor-widget-container,.e-con>.elementor-widget-spacer>.elementor-widget-container{height:100%;width:100%}.e-con-inner>.elementor-widget-spacer>.elementor-widget-container>.elementor-spacer,.e-con>.elementor-widget-spacer>.elementor-widget-container>.elementor-spacer{height:100%}.e-con-inner>.elementor-widget-spacer>.elementor-widget-container>.elementor-spacer>.elementor-spacer-inner,.e-con>.elementor-widget-spacer>.elementor-widget-container>.elementor-spacer>.elementor-spacer-inner{height:var(--container-widget-height,var(--spacer-size))}.e-con-inner>.elementor-widget-spacer.elementor-widget-empty,.e-con>.elementor-widget-spacer.elementor-widget-empty{position:relative;min-height:22px;min-width:22px}.e-con-inner>.elementor-widget-spacer.elementor-widget-empty .elementor-widget-empty-icon,.e-con>.elementor-widget-spacer.elementor-widget-empty .elementor-widget-empty-icon{position:absolute;top:0;bottom:0;left:0;right:0;margin:auto;padding:0;width:22px;height:22px}<\/style>\t\t<div class=\"elementor-spacer\">\n\t\t\t<div class=\"elementor-spacer-inner\"><\/div>\n\t\t<\/div>\n\t\t\t\t<\/div>\n\t\t\t\t<\/div>\n\t\t\t\t<div class=\"elementor-element elementor-element-c080c1f elementor-widget elementor-widget-heading\" data-id=\"c080c1f\" data-element_type=\"widget\" data-widget_type=\"heading.default\">\n\t\t\t\t<div class=\"elementor-widget-container\">\n\t\t\t<style>\/*! elementor - v3.21.0 - 26-05-2024 *\/\n.elementor-heading-title{padding:0;margin:0;line-height:1}.elementor-widget-heading .elementor-heading-title[class*=elementor-size-]>a{color:inherit;font-size:inherit;line-height:inherit}.elementor-widget-heading .elementor-heading-title.elementor-size-small{font-size:15px}.elementor-widget-heading .elementor-heading-title.elementor-size-medium{font-size:19px}.elementor-widget-heading .elementor-heading-title.elementor-size-large{font-size:29px}.elementor-widget-heading .elementor-heading-title.elementor-size-xl{font-size:39px}.elementor-widget-heading .elementor-heading-title.elementor-size-xxl{font-size:59px}<\/style><h1 class=\"elementor-heading-title elementor-size-default\">Imprint<\/h1>\t\t<\/div>\n\t\t\t\t<\/div>\n\t\t\t\t<div class=\"elementor-element elementor-element-5930af2 elementor-widget elementor-widget-text-editor\" data-id=\"5930af2\" data-element_type=\"widget\" data-widget_type=\"text-editor.default\">\n\t\t\t\t<div class=\"elementor-widget-container\">\n\t\t\t<style>\/*! elementor - v3.21.0 - 26-05-2024 *\/\n.elementor-widget-text-editor.elementor-drop-cap-view-stacked .elementor-drop-cap{background-color:#69727d;color:#fff}.elementor-widget-text-editor.elementor-drop-cap-view-framed .elementor-drop-cap{color:#69727d;border:3px solid;background-color:transparent}.elementor-widget-text-editor:not(.elementor-drop-cap-view-default) .elementor-drop-cap{margin-top:8px}.elementor-widget-text-editor:not(.elementor-drop-cap-view-default) .elementor-drop-cap-letter{width:1em;height:1em}.elementor-widget-text-editor .elementor-drop-cap{float:left;text-align:center;line-height:1;font-size:50px}.elementor-widget-text-editor .elementor-drop-cap-letter{display:inline-block}<\/style>\t\t\t\t<p>Provider identification according to \u00a75 TMG<\/p><p>CPS Communication Partner Sales GmbH<br \/>Wilhelm-Loh-Stra\u00dfe 12<br \/>35578 Wetzlar<br \/>Germany<\/p><p>Phone:\u00a0<a href=\"tel: 496441383300\">+49 6441 38330 0<\/a><br \/>Fax: +49 6441 38330 89<br \/>E-mail: info [AT] com-ps.de<br \/><img decoding=\"async\" src=\"https:\/\/phone-distribution.de\/images\/01_e--m-a-i-l_sw.png\" alt=\"\" \/><\/p><p>Commercial register: Wetzlar Local Court HR B 4841<br \/>VAT-ID-No.: DE813787364<br \/>WEE-Reg-No: DE57503094<br \/>LUCID packaging register no.: DE3970518901775<\/p><p><strong>Authorized to represent:<\/strong><br \/>Gerd Mattern (Managing Director)<br \/>Felix Mattern (Managing Director)<br \/><br \/>J\u00f6rg Mattern (retired Managing Director)<\/p><p><br \/><strong>Responsible for the content:<\/strong><br \/>Gerd Mattern (Managing Director)<br \/>Felix Mattern (Managing Director)<br \/><br \/>J\u00f6rg Mattern (retired Managing Director)<\/p><p><br \/><strong>Copyright &amp; Liability:<\/strong><br \/>The layout of this website, the graphics used and the information provided are protected by copyright. The pages may only be reproduced for private use, changes may not be made and copies may not be distributed or used for public reproduction.<\/p><p>All information on this server is provided without guarantee of accuracy. No liability is accepted for any damage that results or may result from the use of the information retrieved.<\/p><p>Layout, hosting &amp; programming &amp; responsible for the content of this website: CPS Communication Partner Sales GmbH<br \/>Copyright \u00a92012 CPS GmbH, Wetzlar - All rights reserved<\/p><p>Note:<br \/>Communication Partner Sales GmbH expressly distances itself and is not liable for the content of pages that can be accessed via links within its own pages. The operators of the linked pages are solely responsible for their content. This applies from the time of creation.<\/p><p>WEEE - Obligation to register in accordance with the Electrical and Electronic Equipment Act (ElektroG)<br \/>We would like to inform you that we have been registered with the \"ear - stiftung elektro-altger\u00e4te register\" since December 15, 2008.<br \/>Our registration number is: DE 57503094<br \/>This can also be found as the WEEE reg. no. on the business papers.<\/p><p><b>Copyrights \/ Image sources (Adobe Stock):<\/b><br \/>#225387108 \u00a9 Djomas<br \/>#187312509 \u00a9 Halfpoint<br \/>#350286710 \u00a9 Looker_Studio<br \/>#217658823 \u00a9 Leika production<br \/>#441698504 \u00a9 blacksalmon<br \/>#166550057 \u00a9 sdecoret<br \/>#332086439 \u00a9 ty<br \/>#238349843 \u00a9 Drobot Dean<br \/>#209444760 \u00a9 Andrey Popov<br \/>#288662623 \u00a9 ronstik<br \/>#302817235 \u00a9 royyimzy<br \/>#141047602 \u00a9 Artco<br \/>#394404290 \u00a9 Artco<br \/>#394404259 \u00a9 Artco<br \/>#404302869 \u00a9 Artco<br \/>#551521398 \u00a9 Supatman<br \/>#359867992 \u00a9 William<\/p><p>\u00a0<\/p><div id=\"landing-page-bottom_4\" class=\"gx-content-zone\" data-gx-content-zone=\"landing-page-bottom_4\">\u00a0<\/div><div class=\"row\">\u00a0<\/div>\t\t\t\t\t\t<\/div>\n\t\t\t\t<\/div>\n\t\t\t\t<div class=\"elementor-element elementor-element-e2830e0 elementor-widget elementor-widget-spacer\" data-id=\"e2830e0\" data-element_type=\"widget\" data-widget_type=\"spacer.default\">\n\t\t\t\t<div class=\"elementor-widget-container\">\n\t\t\t\t\t<div class=\"elementor-spacer\">\n\t\t\t<div class=\"elementor-spacer-inner\"><\/div>\n\t\t<\/div>\n\t\t\t\t<\/div>\n\t\t\t\t<\/div>\n\t\t\t\t\t<\/div>\n\t\t\t\t<\/div>\n\t\t\t\t<\/div>","protected":false},"excerpt":{"rendered":"<p>Imprint Provider identification according to \u00a75 TMG CPS Communication Partner Sales GmbHWilhelm-Loh-Stra\u00dfe 1235578 WetzlarGermany Phone: +49 6441 38330 0Telefax: +49 6441 38330 89E-Mail: info [AT] com-ps.de Commercial register: Wetzlar Local Court HR B 4841USt-ID-No.DE813787364WEE-Reg-Nr: DE57503094LUCID Verpackungsregister-Nr: DE3970518901775 Authorized to represent:Gerd Mattern (Managing Director)Felix Mattern (Managing Director) J\u00f6rg Mattern (Managing Director i.R.) Responsible for content:Gerd Mattern (Managing Director)Felix Mattern (Managing Director) J\u00f6rg Mattern (Managing Director i.R.) Copyright &amp; Liability:The [...]<\/p>","protected":false},"author":1,"featured_media":0,"parent":0,"menu_order":0,"comment_status":"closed","ping_status":"closed","template":"","meta":{"footnotes":""},"class_list":["post-39","page","type-page","status-publish","hentry"],"yoast_head":"<!-- This site is optimized with the Yoast SEO Premium plugin v22.9 (Yoast SEO v24.3) - https:\/\/yoast.com\/wordpress\/plugins\/seo\/ -->\n<title>Impressum - CPS Communication Partner Sales GmbH<\/title>\n<meta name=\"robots\" content=\"index, follow, max-snippet:-1, max-image-preview:large, max-video-preview:-1\" \/>\n<link rel=\"canonical\" href=\"https:\/\/special-phones.com\/en\/impressum\/\" \/>\n<meta property=\"og:locale\" content=\"en_US\" \/>\n<meta property=\"og:type\" content=\"article\" \/>\n<meta property=\"og:title\" content=\"Impressum\" \/>\n<meta property=\"og:description\" content=\"Impressum Anbieterkennzeichnung gem\u00e4\u00df \u00a75 TMG CPS Communication Partner Sales GmbHWilhelm-Loh-Stra\u00dfe 1235578 WetzlarGermany Telefon:\u00a0+49 6441 38330 0Telefax: +49 6441 38330 89E-Mail: info [AT] com-ps.de Handelsregister: Amtsgericht Wetzlar HR B 4841USt-ID-Nr.: DE813787364WEE-Reg-Nr: DE57503094LUCID Verpackungsregister-Nr: DE3970518901775 Vertretungsberechtigt:Gerd Mattern (Gesch\u00e4ftsf\u00fchrer)Felix Mattern (Gesch\u00e4ftsf\u00fchrer) J\u00f6rg Mattern (Gesch\u00e4ftsf\u00fchrer i.R.) Inhaltlich Verantwortlich:Gerd Mattern (Gesch\u00e4ftsf\u00fchrer)Felix Mattern (Gesch\u00e4ftsf\u00fchrer) J\u00f6rg Mattern (Gesch\u00e4ftsf\u00fchrer i.R.) Urheberrecht &amp; Haftung:Das [&hellip;]\" \/>\n<meta property=\"og:url\" content=\"https:\/\/special-phones.com\/en\/impressum\/\" \/>\n<meta property=\"og:site_name\" content=\"CPS Communication Partner Sales GmbH\" \/>\n<meta property=\"article:modified_time\" content=\"2024-12-13T13:09:53+00:00\" \/>\n<meta property=\"og:image\" content=\"https:\/\/phone-distribution.de\/images\/01_e--m-a-i-l_sw.png\" \/>\n<meta name=\"twitter:card\" content=\"summary_large_image\" \/>\n<meta name=\"twitter:label1\" content=\"Est. reading time\" \/>\n\t<meta name=\"twitter:data1\" content=\"2 minutes\" \/>\n<script type=\"application\/ld+json\" class=\"yoast-schema-graph\">{\"@context\":\"https:\/\/schema.org\",\"@graph\":[{\"@type\":\"WebPage\",\"@id\":\"https:\/\/special-phones.com\/impressum\/\",\"url\":\"https:\/\/special-phones.com\/impressum\/\",\"name\":\"Impressum - CPS Communication Partner Sales GmbH\",\"isPartOf\":{\"@id\":\"https:\/\/special-phones.com\/#website\"},\"primaryImageOfPage\":{\"@id\":\"https:\/\/special-phones.com\/impressum\/#primaryimage\"},\"image\":{\"@id\":\"https:\/\/special-phones.com\/impressum\/#primaryimage\"},\"thumbnailUrl\":\"https:\/\/phone-distribution.de\/images\/01_e--m-a-i-l_sw.png\",\"datePublished\":\"2024-12-11T09:19:21+00:00\",\"dateModified\":\"2024-12-13T13:09:53+00:00\",\"breadcrumb\":{\"@id\":\"https:\/\/special-phones.com\/impressum\/#breadcrumb\"},\"inLanguage\":\"en-US\",\"potentialAction\":[{\"@type\":\"ReadAction\",\"target\":[\"https:\/\/special-phones.com\/impressum\/\"]}]},{\"@type\":\"ImageObject\",\"inLanguage\":\"en-US\",\"@id\":\"https:\/\/special-phones.com\/impressum\/#primaryimage\",\"url\":\"https:\/\/phone-distribution.de\/images\/01_e--m-a-i-l_sw.png\",\"contentUrl\":\"https:\/\/phone-distribution.de\/images\/01_e--m-a-i-l_sw.png\"},{\"@type\":\"BreadcrumbList\",\"@id\":\"https:\/\/special-phones.com\/impressum\/#breadcrumb\",\"itemListElement\":[{\"@type\":\"ListItem\",\"position\":1,\"name\":\"Home\",\"item\":\"https:\/\/special-phones.com\/\"},{\"@type\":\"ListItem\",\"position\":2,\"name\":\"Impressum\"}]},{\"@type\":\"WebSite\",\"@id\":\"https:\/\/special-phones.com\/#website\",\"url\":\"https:\/\/special-phones.com\/\",\"name\":\"CPS Communication Partner Sales GmbH\",\"description\":\"\",\"publisher\":{\"@id\":\"https:\/\/special-phones.com\/#organization\"},\"potentialAction\":[{\"@type\":\"SearchAction\",\"target\":{\"@type\":\"EntryPoint\",\"urlTemplate\":\"https:\/\/special-phones.com\/?s={search_term_string}\"},\"query-input\":{\"@type\":\"PropertyValueSpecification\",\"valueRequired\":true,\"valueName\":\"search_term_string\"}}],\"inLanguage\":\"en-US\"},{\"@type\":\"Organization\",\"@id\":\"https:\/\/special-phones.com\/#organization\",\"name\":\"CPS Communication Partner Sales GmbH\",\"url\":\"https:\/\/special-phones.com\/\",\"logo\":{\"@type\":\"ImageObject\",\"inLanguage\":\"en-US\",\"@id\":\"https:\/\/special-phones.com\/#\/schema\/logo\/image\/\",\"url\":\"https:\/\/special-phones.com\/wp-content\/uploads\/2024\/12\/cropped-Unbenannt-1.jpg\",\"contentUrl\":\"https:\/\/special-phones.com\/wp-content\/uploads\/2024\/12\/cropped-Unbenannt-1.jpg\",\"width\":166,\"height\":65,\"caption\":\"CPS Communication Partner Sales GmbH\"},\"image\":{\"@id\":\"https:\/\/special-phones.com\/#\/schema\/logo\/image\/\"}}]}<\/script>\n<!-- \/ Yoast SEO Premium plugin. -->","yoast_head_json":{"title":"Impressum - CPS Communication Partner Sales GmbH","robots":{"index":"index","follow":"follow","max-snippet":"max-snippet:-1","max-image-preview":"max-image-preview:large","max-video-preview":"max-video-preview:-1"},"canonical":"https:\/\/special-phones.com\/en\/impressum\/","og_locale":"en_US","og_type":"article","og_title":"Impressum","og_description":"Impressum Anbieterkennzeichnung gem\u00e4\u00df \u00a75 TMG CPS Communication Partner Sales GmbHWilhelm-Loh-Stra\u00dfe 1235578 WetzlarGermany Telefon:\u00a0+49 6441 38330 0Telefax: +49 6441 38330 89E-Mail: info [AT] com-ps.de Handelsregister: Amtsgericht Wetzlar HR B 4841USt-ID-Nr.: DE813787364WEE-Reg-Nr: DE57503094LUCID Verpackungsregister-Nr: DE3970518901775 Vertretungsberechtigt:Gerd Mattern (Gesch\u00e4ftsf\u00fchrer)Felix Mattern (Gesch\u00e4ftsf\u00fchrer) J\u00f6rg Mattern (Gesch\u00e4ftsf\u00fchrer i.R.) Inhaltlich Verantwortlich:Gerd Mattern (Gesch\u00e4ftsf\u00fchrer)Felix Mattern (Gesch\u00e4ftsf\u00fchrer) J\u00f6rg Mattern (Gesch\u00e4ftsf\u00fchrer i.R.) Urheberrecht &amp; Haftung:Das [&hellip;]","og_url":"https:\/\/special-phones.com\/en\/impressum\/","og_site_name":"CPS Communication Partner Sales GmbH","article_modified_time":"2024-12-13T13:09:53+00:00","og_image":[{"url":"https:\/\/phone-distribution.de\/images\/01_e--m-a-i-l_sw.png","type":"","width":"","height":""}],"twitter_card":"summary_large_image","twitter_misc":{"Est. reading time":"2 minutes"},"schema":{"@context":"https:\/\/schema.org","@graph":[{"@type":"WebPage","@id":"https:\/\/special-phones.com\/impressum\/","url":"https:\/\/special-phones.com\/impressum\/","name":"Impressum - CPS Communication Partner Sales GmbH","isPartOf":{"@id":"https:\/\/special-phones.com\/#website"},"primaryImageOfPage":{"@id":"https:\/\/special-phones.com\/impressum\/#primaryimage"},"image":{"@id":"https:\/\/special-phones.com\/impressum\/#primaryimage"},"thumbnailUrl":"https:\/\/phone-distribution.de\/images\/01_e--m-a-i-l_sw.png","datePublished":"2024-12-11T09:19:21+00:00","dateModified":"2024-12-13T13:09:53+00:00","breadcrumb":{"@id":"https:\/\/special-phones.com\/impressum\/#breadcrumb"},"inLanguage":"en-US","potentialAction":[{"@type":"ReadAction","target":["https:\/\/special-phones.com\/impressum\/"]}]},{"@type":"ImageObject","inLanguage":"en-US","@id":"https:\/\/special-phones.com\/impressum\/#primaryimage","url":"https:\/\/phone-distribution.de\/images\/01_e--m-a-i-l_sw.png","contentUrl":"https:\/\/phone-distribution.de\/images\/01_e--m-a-i-l_sw.png"},{"@type":"BreadcrumbList","@id":"https:\/\/special-phones.com\/impressum\/#breadcrumb","itemListElement":[{"@type":"ListItem","position":1,"name":"Home","item":"https:\/\/special-phones.com\/"},{"@type":"ListItem","position":2,"name":"Impressum"}]},{"@type":"WebSite","@id":"https:\/\/special-phones.com\/#website","url":"https:\/\/special-phones.com\/","name":"CPS Communication Partner Sales GmbH","description":"","publisher":{"@id":"https:\/\/special-phones.com\/#organization"},"potentialAction":[{"@type":"SearchAction","target":{"@type":"EntryPoint","urlTemplate":"https:\/\/special-phones.com\/?s={search_term_string}"},"query-input":{"@type":"PropertyValueSpecification","valueRequired":true,"valueName":"search_term_string"}}],"inLanguage":"en-US"},{"@type":"Organization","@id":"https:\/\/special-phones.com\/#organization","name":"CPS Communication Partner Sales GmbH","url":"https:\/\/special-phones.com\/","logo":{"@type":"ImageObject","inLanguage":"en-US","@id":"https:\/\/special-phones.com\/#\/schema\/logo\/image\/","url":"https:\/\/special-phones.com\/wp-content\/uploads\/2024\/12\/cropped-Unbenannt-1.jpg","contentUrl":"https:\/\/special-phones.com\/wp-content\/uploads\/2024\/12\/cropped-Unbenannt-1.jpg","width":166,"height":65,"caption":"CPS Communication Partner Sales GmbH"},"image":{"@id":"https:\/\/special-phones.com\/#\/schema\/logo\/image\/"}}]}},"_links":{"self":[{"href":"https:\/\/special-phones.com\/en\/wp-json\/wp\/v2\/pages\/39","targetHints":{"allow":["GET"]}}],"collection":[{"href":"https:\/\/special-phones.com\/en\/wp-json\/wp\/v2\/pages"}],"about":[{"href":"https:\/\/special-phones.com\/en\/wp-json\/wp\/v2\/types\/page"}],"author":[{"embeddable":true,"href":"https:\/\/special-phones.com\/en\/wp-json\/wp\/v2\/users\/1"}],"replies":[{"embeddable":true,"href":"https:\/\/special-phones.com\/en\/wp-json\/wp\/v2\/comments?post=39"}],"version-history":[{"count":16,"href":"https:\/\/special-phones.com\/en\/wp-json\/wp\/v2\/pages\/39\/revisions"}],"predecessor-version":[{"id":538,"href":"https:\/\/special-phones.com\/en\/wp-json\/wp\/v2\/pages\/39\/revisions\/538"}],"wp:attachment":[{"href":"https:\/\/special-phones.com\/en\/wp-json\/wp\/v2\/media?parent=39"}],"curies":[{"name":"wp","href":"https:\/\/api.w.org\/{rel}","templated":true}]}}