{"id":41,"date":"2024-12-11T10:19:49","date_gmt":"2024-12-11T09:19:49","guid":{"rendered":"https:\/\/special-phones.com\/?page_id=41"},"modified":"2024-12-13T14:09:06","modified_gmt":"2024-12-13T13:09:06","slug":"agb","status":"publish","type":"page","link":"https:\/\/special-phones.com\/de\/agb\/","title":{"rendered":"AGB"},"content":{"rendered":"\t\t<div data-elementor-type=\"wp-page\" data-elementor-id=\"41\" class=\"elementor elementor-41\" data-elementor-post-type=\"page\">\n\t\t\t\t<div class=\"elementor-element elementor-element-4f7f70f e-flex e-con-boxed e-con e-parent\" data-id=\"4f7f70f\" data-element_type=\"container\">\n\t\t\t\t\t<div class=\"e-con-inner\">\n\t\t\t\t<div class=\"elementor-element elementor-element-077fad9 elementor-widget elementor-widget-spacer\" data-id=\"077fad9\" data-element_type=\"widget\" data-widget_type=\"spacer.default\">\n\t\t\t\t<div class=\"elementor-widget-container\">\n\t\t\t<style>\/*! elementor - v3.21.0 - 26-05-2024 *\/\n.elementor-column .elementor-spacer-inner{height:var(--spacer-size)}.e-con{--container-widget-width:100%}.e-con-inner>.elementor-widget-spacer,.e-con>.elementor-widget-spacer{width:var(--container-widget-width,var(--spacer-size));--align-self:var(--container-widget-align-self,initial);--flex-shrink:0}.e-con-inner>.elementor-widget-spacer>.elementor-widget-container,.e-con>.elementor-widget-spacer>.elementor-widget-container{height:100%;width:100%}.e-con-inner>.elementor-widget-spacer>.elementor-widget-container>.elementor-spacer,.e-con>.elementor-widget-spacer>.elementor-widget-container>.elementor-spacer{height:100%}.e-con-inner>.elementor-widget-spacer>.elementor-widget-container>.elementor-spacer>.elementor-spacer-inner,.e-con>.elementor-widget-spacer>.elementor-widget-container>.elementor-spacer>.elementor-spacer-inner{height:var(--container-widget-height,var(--spacer-size))}.e-con-inner>.elementor-widget-spacer.elementor-widget-empty,.e-con>.elementor-widget-spacer.elementor-widget-empty{position:relative;min-height:22px;min-width:22px}.e-con-inner>.elementor-widget-spacer.elementor-widget-empty .elementor-widget-empty-icon,.e-con>.elementor-widget-spacer.elementor-widget-empty .elementor-widget-empty-icon{position:absolute;top:0;bottom:0;left:0;right:0;margin:auto;padding:0;width:22px;height:22px}<\/style>\t\t<div class=\"elementor-spacer\">\n\t\t\t<div class=\"elementor-spacer-inner\"><\/div>\n\t\t<\/div>\n\t\t\t\t<\/div>\n\t\t\t\t<\/div>\n\t\t\t\t<div class=\"elementor-element elementor-element-d1234f3 elementor-widget elementor-widget-heading\" data-id=\"d1234f3\" data-element_type=\"widget\" data-widget_type=\"heading.default\">\n\t\t\t\t<div class=\"elementor-widget-container\">\n\t\t\t<style>\/*! elementor - v3.21.0 - 26-05-2024 *\/\n.elementor-heading-title{padding:0;margin:0;line-height:1}.elementor-widget-heading .elementor-heading-title[class*=elementor-size-]>a{color:inherit;font-size:inherit;line-height:inherit}.elementor-widget-heading .elementor-heading-title.elementor-size-small{font-size:15px}.elementor-widget-heading .elementor-heading-title.elementor-size-medium{font-size:19px}.elementor-widget-heading .elementor-heading-title.elementor-size-large{font-size:29px}.elementor-widget-heading .elementor-heading-title.elementor-size-xl{font-size:39px}.elementor-widget-heading .elementor-heading-title.elementor-size-xxl{font-size:59px}<\/style><h1 class=\"elementor-heading-title elementor-size-default\">Allgemeine Gesch\u00e4ftsbedingungen\n\n<\/h1>\t\t<\/div>\n\t\t\t\t<\/div>\n\t\t\t\t<div class=\"elementor-element elementor-element-2f51cff elementor-widget elementor-widget-text-editor\" data-id=\"2f51cff\" data-element_type=\"widget\" data-widget_type=\"text-editor.default\">\n\t\t\t\t<div class=\"elementor-widget-container\">\n\t\t\t<style>\/*! elementor - v3.21.0 - 26-05-2024 *\/\n.elementor-widget-text-editor.elementor-drop-cap-view-stacked .elementor-drop-cap{background-color:#69727d;color:#fff}.elementor-widget-text-editor.elementor-drop-cap-view-framed .elementor-drop-cap{color:#69727d;border:3px solid;background-color:transparent}.elementor-widget-text-editor:not(.elementor-drop-cap-view-default) .elementor-drop-cap{margin-top:8px}.elementor-widget-text-editor:not(.elementor-drop-cap-view-default) .elementor-drop-cap-letter{width:1em;height:1em}.elementor-widget-text-editor .elementor-drop-cap{float:left;text-align:center;line-height:1;font-size:50px}.elementor-widget-text-editor .elementor-drop-cap-letter{display:inline-block}<\/style>\t\t\t\t<p><strong>Allgemeine Gesch\u00e4ftsbedingungen (AGB)<\/strong><br>der CPS Communication Partner Sales GmbH, Wilhelm-Loh-Strasse 12, 35578 Wetzlar<\/p>\n<p><strong>\u00a7 1 Geltung<\/strong><br>(1) Die CPS Communication Partner Sales GmbH, Wetzlar (nachfolgend \u201eCPS\u201c genannt) verkauft Ware ausschlie\u00dflich an gewerbliche Unternehmen. Gesch\u00e4fte mit Verbrauchern werden nicht abgeschlossen.<br>(2) Alle Lieferungen, Leistungen und Angebote des Verk\u00e4ufers erfolgen ausschlie\u00dflich aufgrund dieser Allgemeinen Gesch\u00e4ftsbedingungen (nachfolgend \u201eAGB\u201c genannt), soweit der Auftraggeber ein Unternehmer, eine juristischen Person des \u00f6ffentlichen Rechts oder ein \u00f6ffentlich-rechtlichen Sonderverm\u00f6gen ist. Diese AGB sind Bestandteil aller Vertr\u00e4ge, die die CPS mit ihren Vertragspartner (nachfolgend auch \u201eAuftraggeber\u201c genannt) \u00fcber die von ihr angebotenen Lieferungen schlie\u00dft. Sie gelten auch f\u00fcr alle zuk\u00fcnftigen Lieferungen, Leistungen oder Angebote an den Auftraggeber, selbst wenn sie nicht nochmals gesondert vereinbart werden.<br>(3) Gesch\u00e4ftsbedingungen des Auftraggebers oder Dritter finden keine Anwendung, auch wenn CPS ihrer Geltung im Einzelfall nicht gesondert widerspricht.<\/p>\n<p><strong>\u00a7 2 Angebot, Vertragsabschluss und Schriftform<\/strong><br>(1) Ist eine Bestellung als Angebot&nbsp; zu qualifizieren, so k\u00f6nnen wir dieses innerhalb von 2 Wochen annehmen.<br>(2) CPS beh\u00e4lt sich das Eigentum oder Urheberrecht an allen von ihr \u00fcbergebenen und \u00fcbersandten Unterlagen oder Gegenst\u00e4nden (Angeboten, Kostenvoranschl\u00e4gen, Zeichnungen, Abbildungen, Berechnungen, Modellen, usw.) vor. Der Auftraggeber darf diese Unterlagen und Gegenst\u00e4nde ohne ausdr\u00fcckliche Zustimmung von CPS Dritten nicht zug\u00e4nglich machen, sie bekannt geben, selbst oder durch Dritte nutzen oder vervielf\u00e4ltigen.<\/p>\n<p><strong>\u00a7 3 Preise und Zahlung<\/strong><br>(1) Die Preise gelten f\u00fcr den vereinbarten aufgef\u00fchrten Leistungs- und Lieferungsumfang. Mehr-, Zusatz- oder Sonderleistungen werden gesondert berechnet. Die Preise verstehen sich in EURO ab Werk zuz\u00fcglich Verpackung, der gesetzlichen Mehrwertsteuer, bei Exportlieferungen Zoll sowie Geb\u00fchren und anderer \u00f6ffentlicher Abgaben.<br>(2) Der Abzug von Skonto bedarf einer ausdr\u00fccklichen Vereinbarung.<br>(3) Die Aufrechnung mit Gegenanspr\u00fcchen des Auftraggebers oder die Zur\u00fcckbehaltung von Zahlungen wegen solcher Anspr\u00fcche ist nur zul\u00e4ssig, soweit die Gegenanspr\u00fcche unbestritten oder rechtskr\u00e4ftig festgestellt sind.<\/p>\n<p><strong>\u00a7 4 Lieferung und Lieferzeit<\/strong><br>(1) CPS haftet nicht f\u00fcr Unm\u00f6glichkeit der Lieferung oder f\u00fcr Lieferverz\u00f6gerungen, soweit diese durch h\u00f6here Gewalt oder sonstige, zum Zeitpunkt des Vertragsabschlusses nicht vorhersehbare Ereignisse (z.B. Betriebsst\u00f6rungen aller Art, Schwierigkeiten in der Material- oder Energiebeschaffung, Transportverz\u00f6gerungen, Streiks, rechtm\u00e4\u00dfige Aussperrungen, Mangel an Arbeitskr\u00e4ften, Energie oder Rohstoffen, oder die ausbleibende, nicht richtige oder nicht rechtzeitige Belieferung durch Lieferanten) verursacht worden sind, sofern CPS diese nicht zu vertreten hat. Sofern solche Ereignisse CPS die Lieferung oder Leistung wesentlich erschweren oder unm\u00f6glich machen und die Behinderung nicht nur von vor\u00fcbergehender Dauer ist, ist CPS zum R\u00fccktritt vom Vertrag berechtigt. Bei Hindernissen von nur vor\u00fcbergehender Dauer verl\u00e4ngern sich die Liefer- oder Leistungsfristen oder verschieben sich die Liefer- oder Leistungstermine um den Zeitraum der Behinderung zuz\u00fcglich einer angemessenen Anlauffrist. Soweit dem Auftraggeber infolge der Verz\u00f6gerung die Abnahme der Lieferung oder Leistung nicht zuzumuten ist, kann er durch unverz\u00fcgliche schriftliche Erkl\u00e4rung gegen\u00fcber CPS vom Vertrag zur\u00fccktreten.<br>(2) CPS ist zu Teillieferungen berechtigt, wenn die Teillieferung f\u00fcr den Auftraggeber im Rahmen des vertraglichen Bestimmungszwecks verwendbar ist, die Lieferung der restlichen bestellten Ware sichergestellt ist und dem Auftraggeber hierdurch kein erheblicher Mehraufwand oder zus\u00e4tzliche Kosten entstehen.<br>(3) Ger\u00e4t CPS mit einer Lieferung oder Leistung in Verzug oder wird ihr eine Lieferung oder Leistung, gleich aus welchem Grunde, unm\u00f6glich, so ist die Haftung von CPS auf Schadensersatz nach Ma\u00dfgabe des \u00a7 7 dieser AGB beschr\u00e4nkt.<\/p>\n<p><strong>\u00a7 5 Erf\u00fcllungsort, Gefahr\u00fcbergang<\/strong><br>(1) Erf\u00fcllungsort f\u00fcr alle Verpflichtungen aus dem Vertragsverh\u00e4ltnis ist der Gesch\u00e4ftssitz von CPS, soweit nichts anderes bestimmt ist. Schuldet CPS auch eine Installation, ist Erf\u00fcllungsort der Ort, an dem die Installation zu erfolgen hat.<br>(2) Die Gefahr geht mit der \u00dcbergabe des Liefergegenstandes an den Spediteur, Frachtf\u00fchrer oder sonst zur Ausf\u00fchrung der Versendung bestimmten Dritten auf den Auftraggeber \u00fcber. Dies gilt auch dann, wenn Teillieferungen erfolgen oder CPS noch andere Leistungen (z.B. Versand oder Installation) \u00fcbernommen hat. Verz\u00f6gert sich der Versand oder die \u00dcbergabe infolge eines Umstandes, dessen Ursache beim Auftraggeber liegt, geht die Gefahr von dem Tag an auf den Auftraggeber \u00fcber, an dem der Liefergegenstand versandbereit ist und CPS dies dem Auftraggeber angezeigt hat. Lagerkosten nach Gefahr\u00fcbergang tr\u00e4gt der Auftraggeber.<\/p>\n<p><strong>\u00a7 6 Sachm\u00e4ngel, M\u00e4ngelanspr\u00fcche<\/strong><br>(1) Angaben von CPS zum Gegenstand der Lieferung sowie die Darstellungen desselben sind ma\u00dfgeblich, soweit nicht die Verwendbarkeit zum vertraglich vorgesehenen Zweck eine genaue \u00dcbereinstimmung voraussetzt. Sie sind keine garantierten Beschaffenheitsmerkmale, sondern Beschreibungen oder Kennzeichnungen der Lieferung oder Leistung. Handels\u00fcbliche Abweichungen und Abweichungen, die aufgrund rechtlicher Vorschriften erfolgen oder technische Verbesserungen darstellen, sowie die Ersetzung von Bauteilen durch gleichwertige Teile sind zul\u00e4ssig, soweit sie die Verwendbarkeit zum vertraglich vorgesehenen Zweck nicht beeintr\u00e4chtigen.<br>(2) Die Gew\u00e4hrleistungsfrist betr\u00e4gt ein Jahr ab Lieferung.<br>(3) M\u00e4ngelanspr\u00fcche setzen voraus, dass der Auftraggeber seinen nach \u00a7 377 HGB geschuldeten Untersuchungs- und R\u00fcgeobliegenheiten ordnungsgem\u00e4\u00df nachgekommen ist. Der Auftraggeber hat nach Gefahr\u00fcbergang bzw. Abnahme des Produktes dieses unverz\u00fcglich auf seine Funktionsf\u00e4higkeit zu untersuchen und uns festgestellte M\u00e4ngel sowie verdeckte M\u00e4ngel nach deren Entdeckung unverz\u00fcglich, sp\u00e4testens innerhalb einer Frist von 7 Tagen, schriftlich anzuzeigen.<br>(3) Beruht ein Mangel auf dem Verschulden von CPS, kann der Auftraggeber unter den in \u00a7 7 bestimmten Voraussetzungen Schadensersatz verlangen.<br>(4) Die M\u00e4ngelanspr\u00fcche entfallen, wenn der Auftraggeber ohne Zustimmung von CPS den Liefergegenstand \u00e4ndert oder durch Dritte \u00e4ndern l\u00e4sst und die M\u00e4ngelbeseitigung hierdurch unm\u00f6glich oder unzumutbar erschwert wird. In jedem Fall hat der Auftraggeber die durch die \u00c4nderung entstehenden Mehrkosten der M\u00e4ngelbeseitigung zu tragen.<\/p>\n<p><strong>\u00a7 7 Haftung auf Schadensersatz<\/strong><br>(1) Die Haftung von CPS auf Schadensersatz, gleich aus welchem Rechtsgrund, insbesondere aus Unm\u00f6glichkeit, Verzug, mangelhafter oder falscher Lieferung, Vertragsverletzung, Verletzung von Pflichten bei Vertragsverhandlungen und unerlaubter Handlung ist, soweit es dabei jeweils auf ein Verschulden ankommt, nach Ma\u00dfgabe dieses \u00a7 7 eingeschr\u00e4nkt.<br>(2) CPS haftet nicht im Falle einfacher Fahrl\u00e4ssigkeit seiner Organe, gesetzlichen Vertreter, Angestellten oder sonstigen Erf\u00fcllungsgehilfen soweit es sich nicht um eine Verletzung vertragswesentlicher Pflichten handelt. Eine vertragswesentliche Pflicht ist eine solche, auf die der Auftraggeber vertraut und auch vertrauen darf. Vertragswesentlich sind z.B. die Verpflichtung zur rechtzeitigen Lieferung und Installation des von wesentlichen M\u00e4ngeln freien Liefergegenstandes sowie Beratungs-, Schutz- und Obhutspflichten, die dem Auftraggeber die vertragsgem\u00e4\u00dfe Verwendung des Liefergegenstands erm\u00f6glichen sollen oder den Schutz von Leib oder Leben von Personal des Auftraggebers bezwecken.<br>(3) Soweit CPS gem\u00e4\u00df \u00a7 7 (2) dem Grunde nach auf Schadensersatz haftet, ist diese Haftung auf Sch\u00e4den begrenzt, die CPS bei Vertragsschluss als m\u00f6gliche Folge einer Vertragsverletzung vorausgesehen hat oder die er bei Anwendung verkehrs\u00fcblicher Sorgfalt h\u00e4tte voraussehen m\u00fcssen. Mittelbare Sch\u00e4den und Folgesch\u00e4den, die Folge von M\u00e4ngeln des Liefergegenstands sind, sind au\u00dferdem nur ersatzf\u00e4hig, soweit solche Sch\u00e4den bei bestimmungsgem\u00e4\u00dfer Verwendung des Liefergegenstands typischerweise zu erwarten sind.<br>(4) Haftungsausschl\u00fcsse und &#8211; beschr\u00e4nkungen gelten in gleichem Umfang zugunsten der Organe, gesetzlichen Vertreter, Angestellten und sonstigen Erf\u00fcllungsgehilfen von CPS.<br>(5) Die Einschr\u00e4nkungen dieses \u00a7 7 gelten nicht f\u00fcr die Haftung des Verk\u00e4ufers wegen vors\u00e4tzlichen Verhaltens, f\u00fcr garantierte Beschaffenheitsmerkmale, wegen Verletzung des Lebens, des K\u00f6rpers oder der Gesundheit oder nach dem Produkthaftungsgesetz.<\/p>\n<p><strong>\u00a7 8 Eigentumsvorbehalt, B\u00fcrgschaft<\/strong><br>(1) CPS beh\u00e4lt sich das Eigentum an den Liefergegenst\u00e4nden bis zum Eingang aller Zahlungen aus dem Gesch\u00e4ftsverh\u00e4ltnis vor. Bei vertragswidrigem Verhalten des Auftraggebers ist CPS berechtigt, den Liefergegenstand zur\u00fcckzunehmen. In dieser Zur\u00fccknahme liegt ein R\u00fccktritt vom Vertrag. CPS ist nach R\u00fccknahme des Liefergegenstandes zu dessen Verwertung befugt, der Verwertungserl\u00f6s ist auf die Verbindlichkeiten des Kunden \u2013 abz\u00fcglich angemessener Verwertungskosten \u2013 anzurechnen.<br>(2) Der&nbsp; Auftraggeber ist&nbsp; verpflichtet, den Liefergegenstand pfleglich zu behandeln; insbesondere ist er verpflichtet, diese auf eigene Kosten gegen Feuer-, Wasser- und Diebstahlssch\u00e4den zu versichern. Sofern Wartungs- und Inspektionsarbeiten erforderlich sind, muss der Auftraggeber diese auf eigene Kosten rechtzeitig durchf\u00fchren.<br>(3) Der Auftraggeber ist berechtigt, den Liefergegenstand im ordentlichen Gesch\u00e4ftsgang weiter zu verkaufen; er tritt CPS jedoch bereits jetzt alle Forderungen in H\u00f6he des Faktura-Endbetrages (einschlie\u00dflich MWSt) ab, die ihm aus der Weiterver\u00e4u\u00dferung gegen seine Abnehmer oder Dritte erwachsen. Zur Einziehung dieser Forderung bleibt der Kunde auch nach der Abtretung erm\u00e4chtigt. Die Befugnis von CPS, die Forderung selbst einzuziehen, bleibt hiervon unber\u00fchrt. CPS verpflichtet sich jedoch, die Forderung nicht einzuziehen, solange der Auftraggeber seinen Zahlungsverpflichtungen aus den vereinnahmten Erl\u00f6sen nachkommt, nicht in Zahlungsverzug ger\u00e4t und insbesondere kein Antrag auf Er\u00f6ffnung eines Insolvenzverfahrens gestellt ist.<br>(4) Die Verarbeitung oder Umbildung des Liefergegenstandes durch den Auftraggeber wird stets f\u00fcr CPS vorgenommen. Wird der Liefergegenstand mit anderen, CPS nicht geh\u00f6renden Gegenst\u00e4nden verarbeitet, so erwirbt CPS das Miteigentum an der neuen Sache im Verh\u00e4ltnis des Wertes der Kaufsache (Fakturaendbetrag, einschlie\u00dflich MWSt) zu den anderen verarbeiteten Gegenst\u00e4nden zur Zeit der Verarbeitung.<br>(5) Wird der Liefergegenstand mit anderen, CPS nicht geh\u00f6renden Gegenst\u00e4nden untrennbar vermischt, so erwirbt CPS das Miteigentum an der neuen Sache im Verh\u00e4ltnis des Wertes der Kaufsache (Fakturaendbetrag, einschlie\u00dflich MWSt) zu den anderen vermischten Gegenst\u00e4nden zum Zeitpunkt der Vermischung. Erfolgt die Vermischung in der Weise, dass die Sache des Auftraggebers als Hauptsache anzusehen ist, so gilt als vereinbart, dass der Auftraggeber CPS anteilm\u00e4\u00dfig Miteigentum \u00fcbertr\u00e4gt. Der Auftraggeber verwahrt das so entstandene Alleineigentum oder Miteigentum f\u00fcr CPS.<br>(6) Der Kunde tritt uns auch die Forderungen ab, die durch die Verbindung der Kaufsache mit einem Grundst\u00fcck gegen einen Dritten erwachsen.<br>(7) CPS verpflichtet sich, die ihr zustehenden Sicherheiten auf Verlangen des Auftraggebers insoweit freizugeben, als der realisierbare Wert unserer Sicherheiten die zu sichernden Forderungen um mehr als 10% \u00fcbersteigt; die Auswahl der freizugebenden Sicherheiten obliegt CPS.<br>(8) Im Falle einer Lieferung ins Ausland ist CPS berechtigt, vom Auftraggeber zum Zwecke der Besicherung der Zahlungsanspr\u00fcche die \u00dcbergabe einer dem deutschen Recht unterliegenden unbefristeten, selbstschuldnerischen Erf\u00fcllungsb\u00fcrgschaft eines Kreditinstituts, das in der EU zugelassen ist, zu verlangen.<\/p>\n<p><strong>\u00a7 9 Gerichtsstand, Rechtswahl, Schlussbestimmungen<\/strong><br>(1) Gerichtsstand ist der Gesch\u00e4ftssitz von CPS; CPS ist jedoch berechtigt, den Auftraggeber auch an seinem Wohnsitzgericht zu verklagen.<br>(2) Es gilt ausschlie\u00dflich das Recht der Bundesrepublik Deutschland unter Ausschluss des UN-Kaufrechts (CISG).<br>(3) Soweit der Vertrag oder diese AGB Regelungsl\u00fccken enthalten, gelten zur Ausf\u00fcllung dieser L\u00fccken diejenigen rechtlich wirksamen Regelungen als vereinbart, welche die Vertragspartner nach den wirtschaftlichen Zielsetzungen des Vertrages und dem Zweck dieser AGB vereinbart h\u00e4tten, wenn sie die Regelungsl\u00fccke gekannt h\u00e4tten.<\/p>\t\t\t\t\t\t<\/div>\n\t\t\t\t<\/div>\n\t\t\t\t<div class=\"elementor-element elementor-element-ac70caa elementor-widget elementor-widget-spacer\" data-id=\"ac70caa\" data-element_type=\"widget\" data-widget_type=\"spacer.default\">\n\t\t\t\t<div class=\"elementor-widget-container\">\n\t\t\t\t\t<div class=\"elementor-spacer\">\n\t\t\t<div class=\"elementor-spacer-inner\"><\/div>\n\t\t<\/div>\n\t\t\t\t<\/div>\n\t\t\t\t<\/div>\n\t\t\t\t\t<\/div>\n\t\t\t\t<\/div>\n\t\t\t\t<\/div>\n\t\t","protected":false},"excerpt":{"rendered":"<p>Allgemeine Gesch\u00e4ftsbedingungen Allgemeine Gesch\u00e4ftsbedingungen (AGB)der CPS Communication Partner Sales GmbH, Wilhelm-Loh-Strasse 12, 35578 Wetzlar \u00a7 1 Geltung(1) Die CPS Communication Partner Sales GmbH, Wetzlar (nachfolgend \u201eCPS\u201c genannt) verkauft Ware ausschlie\u00dflich an gewerbliche Unternehmen. Gesch\u00e4fte mit Verbrauchern werden nicht abgeschlossen.(2) Alle Lieferungen, Leistungen und Angebote des Verk\u00e4ufers erfolgen ausschlie\u00dflich aufgrund dieser Allgemeinen Gesch\u00e4ftsbedingungen (nachfolgend \u201eAGB\u201c genannt), [&hellip;]<\/p>\n","protected":false},"author":1,"featured_media":0,"parent":0,"menu_order":0,"comment_status":"closed","ping_status":"closed","template":"","meta":{"footnotes":""},"class_list":["post-41","page","type-page","status-publish","hentry"],"yoast_head":"<!-- This site is optimized with the Yoast SEO Premium plugin v22.9 (Yoast SEO v24.3) - https:\/\/yoast.com\/wordpress\/plugins\/seo\/ -->\n<title>AGB - CPS Communication Partner Sales GmbH<\/title>\n<meta name=\"robots\" content=\"index, follow, max-snippet:-1, max-image-preview:large, max-video-preview:-1\" \/>\n<link rel=\"canonical\" href=\"https:\/\/special-phones.com\/de\/agb\/\" \/>\n<meta property=\"og:locale\" content=\"de_DE\" \/>\n<meta property=\"og:type\" content=\"article\" \/>\n<meta property=\"og:title\" content=\"AGB\" \/>\n<meta property=\"og:description\" content=\"Allgemeine Gesch\u00e4ftsbedingungen Allgemeine Gesch\u00e4ftsbedingungen (AGB)der CPS Communication Partner Sales GmbH, Wilhelm-Loh-Strasse 12, 35578 Wetzlar \u00a7 1 Geltung(1) Die CPS Communication Partner Sales GmbH, Wetzlar (nachfolgend \u201eCPS\u201c genannt) verkauft Ware ausschlie\u00dflich an gewerbliche Unternehmen. Gesch\u00e4fte mit Verbrauchern werden nicht abgeschlossen.(2) Alle Lieferungen, Leistungen und Angebote des Verk\u00e4ufers erfolgen ausschlie\u00dflich aufgrund dieser Allgemeinen Gesch\u00e4ftsbedingungen (nachfolgend \u201eAGB\u201c genannt), [&hellip;]\" \/>\n<meta property=\"og:url\" content=\"https:\/\/special-phones.com\/de\/agb\/\" \/>\n<meta property=\"og:site_name\" content=\"CPS Communication Partner Sales GmbH\" \/>\n<meta property=\"article:modified_time\" content=\"2024-12-13T13:09:06+00:00\" \/>\n<meta name=\"twitter:card\" content=\"summary_large_image\" \/>\n<meta name=\"twitter:label1\" content=\"Gesch\u00e4tzte Lesezeit\" \/>\n\t<meta name=\"twitter:data1\" content=\"9\u00a0Minuten\" \/>\n<script type=\"application\/ld+json\" class=\"yoast-schema-graph\">{\"@context\":\"https:\/\/schema.org\",\"@graph\":[{\"@type\":\"WebPage\",\"@id\":\"https:\/\/special-phones.com\/agb\/\",\"url\":\"https:\/\/special-phones.com\/agb\/\",\"name\":\"AGB - CPS Communication Partner Sales GmbH\",\"isPartOf\":{\"@id\":\"https:\/\/special-phones.com\/#website\"},\"datePublished\":\"2024-12-11T09:19:49+00:00\",\"dateModified\":\"2024-12-13T13:09:06+00:00\",\"breadcrumb\":{\"@id\":\"https:\/\/special-phones.com\/agb\/#breadcrumb\"},\"inLanguage\":\"de\",\"potentialAction\":[{\"@type\":\"ReadAction\",\"target\":[\"https:\/\/special-phones.com\/agb\/\"]}]},{\"@type\":\"BreadcrumbList\",\"@id\":\"https:\/\/special-phones.com\/agb\/#breadcrumb\",\"itemListElement\":[{\"@type\":\"ListItem\",\"position\":1,\"name\":\"Home\",\"item\":\"https:\/\/special-phones.com\/\"},{\"@type\":\"ListItem\",\"position\":2,\"name\":\"AGB\"}]},{\"@type\":\"WebSite\",\"@id\":\"https:\/\/special-phones.com\/#website\",\"url\":\"https:\/\/special-phones.com\/\",\"name\":\"CPS Communication Partner Sales GmbH\",\"description\":\"\",\"publisher\":{\"@id\":\"https:\/\/special-phones.com\/#organization\"},\"potentialAction\":[{\"@type\":\"SearchAction\",\"target\":{\"@type\":\"EntryPoint\",\"urlTemplate\":\"https:\/\/special-phones.com\/?s={search_term_string}\"},\"query-input\":{\"@type\":\"PropertyValueSpecification\",\"valueRequired\":true,\"valueName\":\"search_term_string\"}}],\"inLanguage\":\"de\"},{\"@type\":\"Organization\",\"@id\":\"https:\/\/special-phones.com\/#organization\",\"name\":\"CPS Communication Partner Sales GmbH\",\"url\":\"https:\/\/special-phones.com\/\",\"logo\":{\"@type\":\"ImageObject\",\"inLanguage\":\"de\",\"@id\":\"https:\/\/special-phones.com\/#\/schema\/logo\/image\/\",\"url\":\"https:\/\/special-phones.com\/wp-content\/uploads\/2024\/12\/cropped-Unbenannt-1.jpg\",\"contentUrl\":\"https:\/\/special-phones.com\/wp-content\/uploads\/2024\/12\/cropped-Unbenannt-1.jpg\",\"width\":166,\"height\":65,\"caption\":\"CPS Communication Partner Sales GmbH\"},\"image\":{\"@id\":\"https:\/\/special-phones.com\/#\/schema\/logo\/image\/\"}}]}<\/script>\n<!-- \/ Yoast SEO Premium plugin. -->","yoast_head_json":{"title":"AGB - CPS Communication Partner Sales GmbH","robots":{"index":"index","follow":"follow","max-snippet":"max-snippet:-1","max-image-preview":"max-image-preview:large","max-video-preview":"max-video-preview:-1"},"canonical":"https:\/\/special-phones.com\/de\/agb\/","og_locale":"de_DE","og_type":"article","og_title":"AGB","og_description":"Allgemeine Gesch\u00e4ftsbedingungen Allgemeine Gesch\u00e4ftsbedingungen (AGB)der CPS Communication Partner Sales GmbH, Wilhelm-Loh-Strasse 12, 35578 Wetzlar \u00a7 1 Geltung(1) Die CPS Communication Partner Sales GmbH, Wetzlar (nachfolgend \u201eCPS\u201c genannt) verkauft Ware ausschlie\u00dflich an gewerbliche Unternehmen. Gesch\u00e4fte mit Verbrauchern werden nicht abgeschlossen.(2) Alle Lieferungen, Leistungen und Angebote des Verk\u00e4ufers erfolgen ausschlie\u00dflich aufgrund dieser Allgemeinen Gesch\u00e4ftsbedingungen (nachfolgend \u201eAGB\u201c genannt), [&hellip;]","og_url":"https:\/\/special-phones.com\/de\/agb\/","og_site_name":"CPS Communication Partner Sales GmbH","article_modified_time":"2024-12-13T13:09:06+00:00","twitter_card":"summary_large_image","twitter_misc":{"Gesch\u00e4tzte Lesezeit":"9\u00a0Minuten"},"schema":{"@context":"https:\/\/schema.org","@graph":[{"@type":"WebPage","@id":"https:\/\/special-phones.com\/agb\/","url":"https:\/\/special-phones.com\/agb\/","name":"AGB - CPS Communication Partner Sales GmbH","isPartOf":{"@id":"https:\/\/special-phones.com\/#website"},"datePublished":"2024-12-11T09:19:49+00:00","dateModified":"2024-12-13T13:09:06+00:00","breadcrumb":{"@id":"https:\/\/special-phones.com\/agb\/#breadcrumb"},"inLanguage":"de","potentialAction":[{"@type":"ReadAction","target":["https:\/\/special-phones.com\/agb\/"]}]},{"@type":"BreadcrumbList","@id":"https:\/\/special-phones.com\/agb\/#breadcrumb","itemListElement":[{"@type":"ListItem","position":1,"name":"Home","item":"https:\/\/special-phones.com\/"},{"@type":"ListItem","position":2,"name":"AGB"}]},{"@type":"WebSite","@id":"https:\/\/special-phones.com\/#website","url":"https:\/\/special-phones.com\/","name":"CPS Communication Partner Sales GmbH","description":"","publisher":{"@id":"https:\/\/special-phones.com\/#organization"},"potentialAction":[{"@type":"SearchAction","target":{"@type":"EntryPoint","urlTemplate":"https:\/\/special-phones.com\/?s={search_term_string}"},"query-input":{"@type":"PropertyValueSpecification","valueRequired":true,"valueName":"search_term_string"}}],"inLanguage":"de"},{"@type":"Organization","@id":"https:\/\/special-phones.com\/#organization","name":"CPS Communication Partner Sales GmbH","url":"https:\/\/special-phones.com\/","logo":{"@type":"ImageObject","inLanguage":"de","@id":"https:\/\/special-phones.com\/#\/schema\/logo\/image\/","url":"https:\/\/special-phones.com\/wp-content\/uploads\/2024\/12\/cropped-Unbenannt-1.jpg","contentUrl":"https:\/\/special-phones.com\/wp-content\/uploads\/2024\/12\/cropped-Unbenannt-1.jpg","width":166,"height":65,"caption":"CPS Communication Partner Sales GmbH"},"image":{"@id":"https:\/\/special-phones.com\/#\/schema\/logo\/image\/"}}]}},"_links":{"self":[{"href":"https:\/\/special-phones.com\/de\/wp-json\/wp\/v2\/pages\/41","targetHints":{"allow":["GET"]}}],"collection":[{"href":"https:\/\/special-phones.com\/de\/wp-json\/wp\/v2\/pages"}],"about":[{"href":"https:\/\/special-phones.com\/de\/wp-json\/wp\/v2\/types\/page"}],"author":[{"embeddable":true,"href":"https:\/\/special-phones.com\/de\/wp-json\/wp\/v2\/users\/1"}],"replies":[{"embeddable":true,"href":"https:\/\/special-phones.com\/de\/wp-json\/wp\/v2\/comments?post=41"}],"version-history":[{"count":10,"href":"https:\/\/special-phones.com\/de\/wp-json\/wp\/v2\/pages\/41\/revisions"}],"predecessor-version":[{"id":526,"href":"https:\/\/special-phones.com\/de\/wp-json\/wp\/v2\/pages\/41\/revisions\/526"}],"wp:attachment":[{"href":"https:\/\/special-phones.com\/de\/wp-json\/wp\/v2\/media?parent=41"}],"curies":[{"name":"wp","href":"https:\/\/api.w.org\/{rel}","templated":true}]}}